{"id":1027,"date":"2012-11-24T08:34:35","date_gmt":"2012-11-24T07:34:35","guid":{"rendered":"http:\/\/asdhom.org\/?page_id=1027"},"modified":"2023-01-27T16:03:28","modified_gmt":"2023-01-27T15:03:28","slug":"lettre-de-parrainage","status":"publish","type":"page","link":"https:\/\/asdhom.org\/?page_id=1027","title":{"rendered":"Lettres de parrainage"},"content":{"rendered":"\n<p><\/p>\n\n\n<form action=\"https:\/\/asdhom.org\/?page_id=1027\" method=\"post\"  class=\"avia_ajax_form av-form-labels-visible   avia-builder-el-0  el_before_av_textblock  avia-builder-el-first   \" data-avia-form-id=\"1\" data-avia-redirect='' ><h3 class=''>Envoyez-nous un mail<\/h3><fieldset><p class='  first_form  form_element form_fullwidth' id='element_avia_1_1'><label for=\"avia_1_1\">Nom <abbr class=\"required\" title=\"requis(e)\">*<\/abbr><\/label> <input name=\"avia_1_1\" class=\"text_input is_empty\" type=\"text\" id=\"avia_1_1\" value=\"\" \/><\/p><p class='  first_form  form_element form_fullwidth' id='element_avia_2_1'><label for=\"avia_2_1\">E-Mail <abbr class=\"required\" title=\"requis(e)\">*<\/abbr><\/label> <input name=\"avia_2_1\" class=\"text_input is_email\" type=\"text\" id=\"avia_2_1\" value=\"\" \/><\/p><p class='  first_form  form_element form_fullwidth' id='element_avia_3_1'><label for=\"avia_3_1\">Sujet <abbr class=\"required\" title=\"requis(e)\">*<\/abbr><\/label> <input name=\"avia_3_1\" class=\"text_input is_empty\" type=\"text\" id=\"avia_3_1\" value=\"\" \/><\/p><p class='  first_form  form_element form_fullwidth av-last-visible-form-element' id='element_avia_4_1'><label for=\"avia_4_1\" class=\"textare_label hidden textare_label_avia_4_1\">Message <abbr class=\"required\" title=\"requis(e)\">*<\/abbr><\/label><textarea  name=\"avia_4_1\" class=\"text_area is_empty\" cols=\"40\" rows=\"7\" id=\"avia_4_1\" ><\/textarea><\/p><p class=\"hidden\"><input type=\"text\" name=\"avia_5_1\" class=\"hidden \" id=\"avia_5_1\" value=\"\" \/><\/p><p class=\"form_element \"><input type=\"hidden\" value=\"1\" name=\"avia_generated_form1\" \/><input type=\"submit\" value=\"Valider\" class=\"button\"  data-sending-label=\"Envoi\"\/><\/p><\/fieldset><\/form><div id=\"ajaxresponse_1\" class=\"ajaxresponse ajaxresponse_1 hidden\"><\/div>\n<section  class='av_textblock_section av-av_textblock-154edf3b81ea89278a85a087be81f544'  itemscope=\"itemscope\" itemtype=\"https:\/\/schema.org\/CreativeWork\" ><div class='avia_textblock'  itemprop=\"text\" ><h2>Engagement de parrainage<\/h2>\n<p>Voici l&rsquo;engagement de parrainage \u00e0 renseigner et \u00e0 retourner \u00e0 <strong>l&rsquo;ASDHOM<\/strong>.<\/p>\n<p><a href=\"http:\/\/asdhom.org\/wp-content\/uploads\/2012\/11\/EngagementDeParrainage-1.doc\"><br \/>\nEngagement de parrainage.doc<\/a><\/p>\n<p><a href=\"http:\/\/asdhom.org\/wp-content\/uploads\/2012\/11\/EngagementDeParrainage-1.pdf\"><br \/>\nEngagement de parrainage.pdf<\/a><\/p>\n<h2>Lettre de parrainage<\/h2>\n<p>Voici la lettre (mod\u00e8le) que les parrains et les marraines peuvent adresser \u00e0 leurs parrain\u00e9(e)s.<\/p>\n<p>N&rsquo;oubliez pas d&rsquo; adresser une copie \u00e0 : Minist\u00e8re de la Justice, CNDH, Ambassade du Maroc en France. Les adresses sont ci-dessous.<\/p>\n<p><a href=\"http:\/\/asdhom.org\/wp-content\/uploads\/2012\/11\/LettreParrainage-1.doc\"><img loading=\"lazy\" decoding=\"async\" class=\"size-full wp-image-287 alignnone\" title=\"document-blog\" src=\"http:\/\/asdhom.org\/wp-content\/uploads\/2011\/04\/document-blog-1-1-1.png\" alt=\"\" width=\"46\" height=\"60\" \/><\/a><a href=\"http:\/\/asdhom.org\/wp-content\/uploads\/2012\/11\/LettreParrainage-1.doc\"><br \/>\nLettre de Parrainage.doc<\/a><a href=\"http:\/\/asdhom.org\/wp-content\/uploads\/2012\/11\/LettreParrainage-1.pdf\"><br \/>\n<\/a><\/p>\n<p><a href=\"http:\/\/asdhom.org\/wp-content\/uploads\/2012\/11\/LettreParrainage-1.pdf\"><img loading=\"lazy\" decoding=\"async\" title=\"document-blog\" src=\"http:\/\/asdhom.org\/wp-content\/uploads\/2011\/04\/document-blog-1-1-1.png\" alt=\"\" width=\"46\" height=\"60\" \/><br \/>\nLettre de Parrainage.pdf<\/a><\/p>\n<p><strong>&#8211; Lettre mod\u00e8le dont on peut s&rsquo;inspirer pour correspondre avec la famille du filleul (Voir fichier joint ci-dessous)<\/strong><\/p>\n<p>&#8211; <strong>Lettre mod\u00e8le dont on peut s&rsquo;inspirer pour interpeller les autorit\u00e9s marocaines (Voir fichier joint ci-dessous)<\/strong><\/p>\n<p><span style=\"text-decoration: underline;\"><strong><span style=\"color: #800000; text-decoration: underline;\">Les adresses de la campagne de parrainage:<\/span><\/strong><\/span><\/p>\n<p><strong>&#8211; Adresse de la prison o\u00f9 se trouve actuellement le (la) parrain\u00e9(e)<\/strong> :<\/p>\n<p><a href=\"http:\/\/asdhom.org\/?page_id=838\"><strong>Voir sa fiche<\/strong><\/a><\/p>\n<p>&#8211;\u00a0 <strong>Ambassade du Maroc en France<\/strong><\/p>\n<p>5, rue le Tasse 75016 Paris<br \/>\nT\u00e9l\u00a0: 00 33 1 45 20 69 35<br \/>\nFax\u00a0: 00 33 1 45 20 22 58<br \/>\nCourriel\u00a0: <a href=\"mailto:info@amb-maroc.fr\">info@amb-maroc.fr<\/a><\/p>\n<p>&#8211;\u00a0 <strong>Minist\u00e8re de la Justice au Maroc<\/strong><\/p>\n<p>Place El Mamounia\u00a0\u00a0 Rabat Maroc<br \/>\nT\u00e9l\u00a0: 00\u00a0212 5 37 21 84 29<br \/>\nCourriel\u00a0: <a href=\"mailto:krtmed@gmail.com\">krtmed@gmail.com<\/a><\/p>\n<p>&#8211;\u00a0 <strong>Minist\u00e8re de l\u2019Int\u00e9rieur au Maroc<\/strong><\/p>\n<p>Quartier administratif-Rabat Maroc<br \/>\nT\u00e9l: 00\u00a0212 537 76 42 43\/76 44 43<br \/>\nFax:00 212 537 76 20 56<\/p>\n<p>&#8211;\u00a0 <strong>Conseil National des Droits de l\u2019Homme CNDH<\/strong><\/p>\n<p>Place Achouhada- BP 1341<br \/>\n10 001 &#8211; Rabat &#8211; Maroc<br \/>\nTel\u00a0: +212 537 72 22 07<br \/>\nFax\u00a0: +212 537 72 68 56<br \/>\nE-mail\u00a0: <a href=\"mailto:cndh@cndh.org.ma\">cndh@cndh.org.ma<\/a><\/p>\n<p>&#8211;\u00a0 <strong>Copie \u00e0 l\u2019ASDHOM<\/strong><\/p>\n<p>79, rue des Suisses 92000 Nanterre<br \/>\nCourriel\u00a0: <a href=\"mailto:asdhom@asdhom.org\">asdhom@asdhom.org<\/a><br \/>\nSite\u00a0: <a href=\"http:\/\/www.asdhom.org\/\">www.asdhom.org<\/a><\/p>\n<\/div><\/section>\n","protected":false},"excerpt":{"rendered":"","protected":false},"author":29,"featured_media":0,"parent":0,"menu_order":0,"comment_status":"closed","ping_status":"open","template":"","meta":{"footnotes":""},"_links":{"self":[{"href":"https:\/\/asdhom.org\/index.php?rest_route=\/wp\/v2\/pages\/1027"}],"collection":[{"href":"https:\/\/asdhom.org\/index.php?rest_route=\/wp\/v2\/pages"}],"about":[{"href":"https:\/\/asdhom.org\/index.php?rest_route=\/wp\/v2\/types\/page"}],"author":[{"embeddable":true,"href":"https:\/\/asdhom.org\/index.php?rest_route=\/wp\/v2\/users\/29"}],"replies":[{"embeddable":true,"href":"https:\/\/asdhom.org\/index.php?rest_route=%2Fwp%2Fv2%2Fcomments&post=1027"}],"version-history":[{"count":2,"href":"https:\/\/asdhom.org\/index.php?rest_route=\/wp\/v2\/pages\/1027\/revisions"}],"predecessor-version":[{"id":125849,"href":"https:\/\/asdhom.org\/index.php?rest_route=\/wp\/v2\/pages\/1027\/revisions\/125849"}],"wp:attachment":[{"href":"https:\/\/asdhom.org\/index.php?rest_route=%2Fwp%2Fv2%2Fmedia&parent=1027"}],"curies":[{"name":"wp","href":"https:\/\/api.w.org\/{rel}","templated":true}]}}